{"id":43,"date":"2016-10-05T09:12:11","date_gmt":"2016-10-05T09:12:11","guid":{"rendered":"https:\/\/materialespetri.es\/azulejos-almacenes-madrid\/?page_id=43"},"modified":"2017-03-24T14:00:10","modified_gmt":"2017-03-24T14:00:10","slug":"productos","status":"publish","type":"page","link":"https:\/\/materialespetri.es\/azulejos-almacenes-madrid\/productos\/","title":{"rendered":"Productos"},"content":{"rendered":"<p>[vc_row full_width=\u00bbstretch_row\u00bb el_class=\u00bbno-margin\u00bb][vc_column][tt_section_header title=\u00bbNUESTROS PRODUCTOS\u00bb font_container_title=\u00bbfont_size:1.8rem|text_align:center|color:%23ea7e2c\u00bb subtext=\u00bbLos productos de construcci\u00f3n que se usan en la comunidad de Madrid siempre deben pasar controles de calidad exhaustivos, seg\u00fan la Directiva 89\/106\/CE. \u00c9sta la orden\u00f3 el Ministerio de Fomento en el a\u00f1o 1992. Desde entonces el sector ha evolucionado mucho, pero sigue habiendo demanda de este tipo de productos y el proceso de calidad es cada vez m\u00e1s exigente. Le invitamos a navegar por las p\u00e1ginas de esta secci\u00f3n donde se puede ver al detalle los materiales y servicios que ofrecemos:<br \/>\n\u00bb font_container_desc=\u00bbtext_align:center|color:%23555555&#8243;][vc_single_image image=\u00bb670&#8243; img_size=\u00bbfull\u00bb alignment=\u00bbcenter\u00bb][\/vc_column][\/vc_row][vc_row full_width=\u00bbstretch_row\u00bb css=\u00bb.vc_custom_1476434802015{margin-bottom: 0px !important;padding-bottom: 0px !important;}\u00bb][vc_column][tt_section_header title=\u00bbMATERIALES DE CONSTRUCCI\u00d3N\u00bb font_container_title=\u00bbfont_size:1.8rem|text_align:center|color:%23ea7e2c\u00bb subtext=\u00bb\u00bb font_container_desc=\u00bbtext_align:center\u00bb css=\u00bb.vc_custom_1490363922274{margin-top: 40px !important;margin-bottom: 20px !important;}\u00bb][vc_separator color=\u00bbcustom\u00bb border_width=\u00bb2&#8243; accent_color=\u00bb#ea7e2c\u00bb][\/vc_column][\/vc_row][vc_row full_width=\u00bbstretch_row\u00bb][vc_column width=\u00bb1\/3&#8243;][vc_column_text]<\/p>\n<ul>\n<li>AZULEJO Y PAVIMENTO<\/li>\n<li>\u00c1RIDOS<\/li>\n<li>TEJAS Y CUBIERTAS<\/li>\n<li>PLADUR Y ACCESORIOS<\/li>\n<li>HERRAMIENTA<\/li>\n<li>FONTANERIA<\/li>\n<\/ul>\n<p>[\/vc_column_text][vc_separator color=\u00bbcustom\u00bb border_width=\u00bb2&#8243; accent_color=\u00bb#ea7e2c\u00bb][\/vc_column][vc_column width=\u00bb1\/3&#8243;][vc_column_text]<\/p>\n<ul>\n<li>CEMENTOS Y PEGAMENTOS<\/li>\n<li>YESOS Y ESCAYOLAS<\/li>\n<li>BALDOSAS HIDR\u00c1ULICAS<\/li>\n<li>LADRILLOS Y RASILLONES<\/li>\n<li>PINTURA Y DERIVADOS<\/li>\n<li>MASILLAS Y SILICONAS<\/li>\n<\/ul>\n<p>[\/vc_column_text][vc_separator color=\u00bbcustom\u00bb border_width=\u00bb2&#8243; accent_color=\u00bb#ea7e2c\u00bb][\/vc_column][vc_column width=\u00bb1\/3&#8243;][vc_column_text]<\/p>\n<ul>\n<li>HIERROS<\/li>\n<li>BLOQUES Y BORDILLOS<\/li>\n<li>AISLANTES Y TELAS ASF.<\/li>\n<li>SANITARIOS<\/li>\n<li>QU\u00cdMICOS<\/li>\n<li>VIGAS<\/li>\n<\/ul>\n<p>[\/vc_column_text][vc_separator color=\u00bbcustom\u00bb border_width=\u00bb2&#8243; accent_color=\u00bb#ea7e2c\u00bb][\/vc_column][\/vc_row][vc_row full_width=\u00bbstretch_row\u00bb][vc_column width=\u00bb1\/6&#8243;][vc_single_image image=\u00bb648&#8243; img_size=\u00bbfull\u00bb alignment=\u00bbcenter\u00bb css=\u00bb.vc_custom_1490269351953{margin-bottom: 20px !important;}\u00bb][\/vc_column][vc_column width=\u00bb1\/6&#8243;][vc_single_image image=\u00bb641&#8243; img_size=\u00bbfull\u00bb alignment=\u00bbcenter\u00bb css=\u00bb.vc_custom_1490269394374{margin-bottom: 20px !important;}\u00bb][\/vc_column][vc_column width=\u00bb1\/6&#8243;][vc_single_image image=\u00bb635&#8243; img_size=\u00bbfull\u00bb alignment=\u00bbcenter\u00bb css=\u00bb.vc_custom_1490269411281{margin-bottom: 20px !important;}\u00bb][\/vc_column][vc_column width=\u00bb1\/6&#8243;][vc_single_image image=\u00bb678&#8243; img_size=\u00bbfull\u00bb alignment=\u00bbcenter\u00bb css=\u00bb.vc_custom_1490270243797{margin-bottom: 20px !important;}\u00bb][\/vc_column][vc_column width=\u00bb1\/6&#8243;][vc_single_image image=\u00bb677&#8243; img_size=\u00bbfull\u00bb alignment=\u00bbcenter\u00bb css=\u00bb.vc_custom_1490270219125{margin-bottom: 20px !important;}\u00bb][\/vc_column][vc_column width=\u00bb1\/6&#8243;][vc_single_image image=\u00bb676&#8243; img_size=\u00bbfull\u00bb alignment=\u00bbcenter\u00bb css=\u00bb.vc_custom_1490270269329{margin-bottom: 20px !important;}\u00bb][\/vc_column][\/vc_row]<\/p>\n","protected":false},"excerpt":{"rendered":"<p>[vc_row full_width=\u00bbstretch_row\u00bb el_class=\u00bbno-margin\u00bb][vc_column][tt_section_header title=\u00bbNUESTROS PRODUCTOS\u00bb font_container_title=\u00bbfont_size:1.8rem|text_align:center|color:%23ea7e2c\u00bb subtext=\u00bbLos productos de construcci\u00f3n que se usan en la comunidad de Madrid siempre deben pasar controles de calidad exhaustivos, seg\u00fan la Directiva 89\/106\/CE. \u00c9sta la orden\u00f3 el Ministerio de Fomento en el a\u00f1o 1992. Desde entonces el sector ha evolucionado mucho, pero sigue habiendo demanda de este tipo de [&hellip;]<\/p>\n","protected":false},"author":1,"featured_media":0,"parent":0,"menu_order":0,"comment_status":"closed","ping_status":"closed","template":"","meta":{"footnotes":""},"class_list":["post-43","page","type-page","status-publish","hentry"],"_links":{"self":[{"href":"https:\/\/materialespetri.es\/azulejos-almacenes-madrid\/wp-json\/wp\/v2\/pages\/43","targetHints":{"allow":["GET"]}}],"collection":[{"href":"https:\/\/materialespetri.es\/azulejos-almacenes-madrid\/wp-json\/wp\/v2\/pages"}],"about":[{"href":"https:\/\/materialespetri.es\/azulejos-almacenes-madrid\/wp-json\/wp\/v2\/types\/page"}],"author":[{"embeddable":true,"href":"https:\/\/materialespetri.es\/azulejos-almacenes-madrid\/wp-json\/wp\/v2\/users\/1"}],"replies":[{"embeddable":true,"href":"https:\/\/materialespetri.es\/azulejos-almacenes-madrid\/wp-json\/wp\/v2\/comments?post=43"}],"version-history":[{"count":54,"href":"https:\/\/materialespetri.es\/azulejos-almacenes-madrid\/wp-json\/wp\/v2\/pages\/43\/revisions"}],"predecessor-version":[{"id":830,"href":"https:\/\/materialespetri.es\/azulejos-almacenes-madrid\/wp-json\/wp\/v2\/pages\/43\/revisions\/830"}],"wp:attachment":[{"href":"https:\/\/materialespetri.es\/azulejos-almacenes-madrid\/wp-json\/wp\/v2\/media?parent=43"}],"curies":[{"name":"wp","href":"https:\/\/api.w.org\/{rel}","templated":true}]}}