{"id":392,"date":"2016-04-22T13:19:38","date_gmt":"2016-04-22T13:19:38","guid":{"rendered":"http:\/\/demo.teslathemes.com\/riverside\/spa-copy\/"},"modified":"2025-06-19T14:58:01","modified_gmt":"2025-06-19T14:58:01","slug":"empresa","status":"publish","type":"page","link":"https:\/\/materialespetri.es\/azulejos-almacenes-madrid\/empresa\/","title":{"rendered":"Empresa"},"content":{"rendered":"<p>[vc_row full_width=\u00bbstretch_row\u00bb el_class=\u00bbno-margin\u00bb][vc_column][tt_section_header title=\u00bbEMPRESA\u00bb font_container_title=\u00bbfont_size:1.8rem|text_align:center|color:%23ea7e2c\u00bb subtext=\u00bb\u00bb font_container_desc=\u00bbtext_align:center\u00bb][\/vc_column][\/vc_row][vc_row full_width=\u00bbstretch_row\u00bb el_class=\u00bbno-margin\u00bb css=\u00bb.vc_custom_1500533080573{margin-bottom: 50px !important;}\u00bb][vc_column width=\u00bb2\/3&#8243;][vc_column_text]<\/p>\n<p style=\"text-align: justify;\"><strong>Materiales y Azulejos Petri<\/strong>\u00a0cuenta con muchos a\u00f1os de <strong>experiencia en materiales de construcci\u00f3n <\/strong>y azulejos de dise\u00f1o.<\/p>\n<p style=\"text-align: justify;\">Esforz\u00e1ndonos en realizar nuestro trabajo de la mejor forma posible, hemos logrado una amplia cantidad de <strong>clientes y proveedores satisfechos <\/strong>.<\/p>\n<p style=\"text-align: justify;\">Nos dedicamos a la <strong>venta \u00a0y distribuci\u00f3n de productos orientados a la construcci\u00f3n<\/strong> de obra nueva y reformas desde hace a\u00f1os, mostrando gran inter\u00e9s por la atenci\u00f3n a nuestros clientes, as\u00ed como por los \u00a0<strong>productos novedosos<\/strong> que van saliendo al mercado,\u00a0\u00a0 llegando a conseguir una amplia gama de materiales<strong> para distintos tipos de construcci\u00f3n<\/strong> y rehabilitaci\u00f3n de edificios, casas y dem\u00e1s lugares donde fuese necesaria cualquier modificaci\u00f3n o creaci\u00f3n.<\/p>\n<p style=\"text-align: justify;\">Nuestro cat\u00e1logo de productos y servicios ha ido creciendo paulatinamente hasta el punto de llegar a ser una <strong>empresa de materiales de construcci\u00f3n\u00a0referente<\/strong> en el sector, especialmente en la comunidad de Madrid.<\/p>\n<p style=\"text-align: justify;\">Nuestros clientes van desde particulares, aut\u00f3nomos hasta grandes empresas, siempre cuidando la <strong>calidad de nuestros servicios<\/strong>. Gracias a esta actitud empresarial podemos contar con una <strong>buena reputaci\u00f3n<\/strong>.<\/p>\n<p style=\"text-align: justify;\">Nos encontramos en la <strong>C\/ San Mario , 4 (almac\u00e9n) y 8 (exposici\u00f3n azulejos)<\/strong>,\u00a0 cerca del hospital 12 de Octubre.<\/p>\n<p>[\/vc_column_text][vc_column_text]<\/p>\n<h3 style=\"text-align: center;\">HORARIOS<\/h3>\n<p><strong>&#8211; SAN MARIO 4 ( ALMACEN )<\/strong><\/p>\n<p>LUNES A VIERNES:\u00a0 7:30h &#8211; 13:30h y 15:00h &#8211; 17:30h<\/p>\n<p>SABADOS : 8:30h &#8211; 13:00h<\/p>\n<p><strong>&#8211; SAN MARIO 8 (EXPOSICION)<\/strong><\/p>\n<p>LUNES A VIERNES:\u00a0 8:30 &#8211; 13:30h\u00a0 y\u00a0 15:00h -17:30h<\/p>\n<p>SABADOS:\u00a0 \u00a08:30h. &#8211; 13:00h[\/vc_column_text][\/vc_column][vc_column width=\u00bb1\/3&#8243;][vc_single_image image=\u00bb660&#8243; img_size=\u00bbfull\u00bb alignment=\u00bbcenter\u00bb][vc_single_image image=\u00bb662&#8243; img_size=\u00bbfull\u00bb alignment=\u00bbcenter\u00bb][\/vc_column][\/vc_row]<\/p>\n","protected":false},"excerpt":{"rendered":"<p>[vc_row full_width=\u00bbstretch_row\u00bb el_class=\u00bbno-margin\u00bb][vc_column][tt_section_header title=\u00bbEMPRESA\u00bb font_container_title=\u00bbfont_size:1.8rem|text_align:center|color:%23ea7e2c\u00bb subtext=\u00bb\u00bb font_container_desc=\u00bbtext_align:center\u00bb][\/vc_column][\/vc_row][vc_row full_width=\u00bbstretch_row\u00bb el_class=\u00bbno-margin\u00bb css=\u00bb.vc_custom_1500533080573{margin-bottom: 50px !important;}\u00bb][vc_column width=\u00bb2\/3&#8243;][vc_column_text] Materiales y Azulejos Petri\u00a0cuenta con muchos a\u00f1os de experiencia en materiales de construcci\u00f3n y azulejos de dise\u00f1o. Esforz\u00e1ndonos en realizar nuestro trabajo de la mejor forma posible, hemos logrado una amplia cantidad de clientes y proveedores satisfechos . Nos dedicamos a la [&hellip;]<\/p>\n","protected":false},"author":1,"featured_media":0,"parent":0,"menu_order":0,"comment_status":"closed","ping_status":"closed","template":"","meta":{"footnotes":""},"class_list":["post-392","page","type-page","status-publish","hentry"],"_links":{"self":[{"href":"https:\/\/materialespetri.es\/azulejos-almacenes-madrid\/wp-json\/wp\/v2\/pages\/392","targetHints":{"allow":["GET"]}}],"collection":[{"href":"https:\/\/materialespetri.es\/azulejos-almacenes-madrid\/wp-json\/wp\/v2\/pages"}],"about":[{"href":"https:\/\/materialespetri.es\/azulejos-almacenes-madrid\/wp-json\/wp\/v2\/types\/page"}],"author":[{"embeddable":true,"href":"https:\/\/materialespetri.es\/azulejos-almacenes-madrid\/wp-json\/wp\/v2\/users\/1"}],"replies":[{"embeddable":true,"href":"https:\/\/materialespetri.es\/azulejos-almacenes-madrid\/wp-json\/wp\/v2\/comments?post=392"}],"version-history":[{"count":29,"href":"https:\/\/materialespetri.es\/azulejos-almacenes-madrid\/wp-json\/wp\/v2\/pages\/392\/revisions"}],"predecessor-version":[{"id":827,"href":"https:\/\/materialespetri.es\/azulejos-almacenes-madrid\/wp-json\/wp\/v2\/pages\/392\/revisions\/827"}],"wp:attachment":[{"href":"https:\/\/materialespetri.es\/azulejos-almacenes-madrid\/wp-json\/wp\/v2\/media?parent=392"}],"curies":[{"name":"wp","href":"https:\/\/api.w.org\/{rel}","templated":true}]}}