{"id":389,"date":"2016-04-21T13:58:16","date_gmt":"2016-04-21T13:58:16","guid":{"rendered":"http:\/\/demo.teslathemes.com\/riverside\/?page_id=9"},"modified":"2025-06-19T14:37:23","modified_gmt":"2025-06-19T14:37:23","slug":"home","status":"publish","type":"page","link":"https:\/\/materialespetri.es\/azulejos-almacenes-madrid\/","title":{"rendered":"Inicio"},"content":{"rendered":"<p>[vc_row full_width=\u00bbstretch_row\u00bb css=\u00bb.vc_custom_1490259212378{margin-top: -95px !important;}\u00bb el_class=\u00bbno-margin\u00bb][vc_column]\n\t\t\t<!-- START petri REVOLUTION SLIDER 6.2.15 --><p class=\"rs-p-wp-fix\"><\/p>\n\t\t\t<rs-module-wrap id=\"rev_slider_1_1_wrapper\" data-source=\"gallery\" style=\"background:transparent;padding:0;margin:0px auto;margin-top:0;margin-bottom:0;\">\n\t\t\t\t<rs-module id=\"rev_slider_1_1\" style=\"\" data-version=\"6.2.15\">\n\t\t\t\t\t<rs-slides>\n\t\t\t\t\t\t<rs-slide data-key=\"rs-3\" data-title=\"Slide\" data-thumb=\"\/\/materialespetri.es\/azulejos-almacenes-madrid\/wp-content\/uploads\/2017\/03\/slider-2-100x50.jpg\" data-anim=\"ei:d;eo:d;s:600;r:0;t:fade;sl:d;\">\n\t\t\t\t\t\t\t<img decoding=\"async\" src=\"\/\/materialespetri.es\/azulejos-almacenes-madrid\/wp-content\/uploads\/2017\/03\/slider-2.jpg\" title=\"Inicio\" class=\"rev-slidebg\" data-no-retina>\n<!---->\t\t\t\t\t\t<\/rs-slide>\n\t\t\t\t\t\t<rs-slide data-key=\"rs-2\" data-title=\"Slide\" data-thumb=\"\/\/materialespetri.es\/azulejos-almacenes-madrid\/wp-content\/uploads\/2017\/03\/slider-3-100x50.jpg\" data-anim=\"ei:d;eo:d;s:600;r:0;t:fade;sl:d;\">\n\t\t\t\t\t\t\t<img decoding=\"async\" src=\"\/\/materialespetri.es\/azulejos-almacenes-madrid\/wp-content\/uploads\/2017\/03\/slider-3.jpg\" title=\"Inicio\" class=\"rev-slidebg\" data-no-retina>\n<!---->\t\t\t\t\t\t<\/rs-slide>\n\t\t\t\t\t\t<rs-slide data-key=\"rs-4\" data-title=\"Slide\" data-thumb=\"\/\/materialespetri.es\/azulejos-almacenes-madrid\/wp-content\/uploads\/2017\/03\/slider-4.jpg\" data-anim=\"ei:d;eo:d;s:600;r:0;t:fade;sl:d;\">\n\t\t\t\t\t\t\t<img decoding=\"async\" src=\"\/\/materialespetri.es\/azulejos-almacenes-madrid\/wp-content\/uploads\/2017\/03\/slider-4.jpg\" title=\"Inicio\" class=\"rev-slidebg\" data-no-retina>\n<!---->\t\t\t\t\t\t<\/rs-slide>\n\t\t\t\t\t\t<rs-slide data-key=\"rs-1\" data-title=\"Slide\" data-thumb=\"\/\/materialespetri.es\/azulejos-almacenes-madrid\/wp-content\/uploads\/2017\/06\/materiales-petri-instalaciones-maquinaria-azulejos-100x50.jpg\" data-anim=\"ei:d;eo:d;s:600;r:0;t:fade;sl:d;\">\n\t\t\t\t\t\t\t<img decoding=\"async\" src=\"\/\/materialespetri.es\/azulejos-almacenes-madrid\/wp-content\/uploads\/2017\/06\/materiales-petri-instalaciones-maquinaria-azulejos.jpg\" title=\"Inicio\" class=\"rev-slidebg\" data-no-retina>\n<!---->\t\t\t\t\t\t<\/rs-slide>\n\t\t\t\t\t<\/rs-slides>\n\t\t\t\t<\/rs-module>\n\t\t\t\t<script type=\"text\/javascript\">\n\t\t\t\t\tsetREVStartSize({c: 'rev_slider_1_1',rl:[1240,1024,778,480],el:[],gw:[1240],gh:[680],type:'standard',justify:'',layout:'fullwidth',mh:\"0\"});\n\t\t\t\t\tvar\trevapi1,\n\t\t\t\t\t\ttpj;\n\t\t\t\t\tjQuery(function() {\n\t\t\t\t\t\ttpj = jQuery;\n\t\t\t\t\t\trevapi1 = tpj(\"#rev_slider_1_1\")\n\t\t\t\t\t\tif(revapi1==undefined || revapi1.revolution == undefined){\n\t\t\t\t\t\t\trevslider_showDoubleJqueryError(\"rev_slider_1_1\");\n\t\t\t\t\t\t}else{\n\t\t\t\t\t\t\trevapi1.revolution({\n\t\t\t\t\t\t\t\tsliderLayout:\"fullwidth\",\n\t\t\t\t\t\t\t\tduration:5000,\n\t\t\t\t\t\t\t\tvisibilityLevels:\"1240,1024,778,480\",\n\t\t\t\t\t\t\t\tgridwidth:1240,\n\t\t\t\t\t\t\t\tgridheight:680,\n\t\t\t\t\t\t\t\tspinner:\"spinner0\",\n\t\t\t\t\t\t\t\tperspectiveType:\"local\",\n\t\t\t\t\t\t\t\tresponsiveLevels:\"1240,1024,778,480\",\n\t\t\t\t\t\t\t\tprogressBar:{disableProgressBar:true},\n\t\t\t\t\t\t\t\tnavigation: {\n\t\t\t\t\t\t\t\t\tmouseScrollNavigation:false,\n\t\t\t\t\t\t\t\t\tarrows: {\n\t\t\t\t\t\t\t\t\t\tenable:true,\n\t\t\t\t\t\t\t\t\t\tstyle:\"uranus\",\n\t\t\t\t\t\t\t\t\t\tleft: {\n\n\t\t\t\t\t\t\t\t\t\t},\n\t\t\t\t\t\t\t\t\t\tright: {\n\n\t\t\t\t\t\t\t\t\t\t}\n\t\t\t\t\t\t\t\t\t}\n\t\t\t\t\t\t\t\t},\n\t\t\t\t\t\t\t\tfallbacks: {\n\t\t\t\t\t\t\t\t\tallowHTML5AutoPlayOnAndroid:true\n\t\t\t\t\t\t\t\t},\n\t\t\t\t\t\t\t});\n\t\t\t\t\t\t}\n\t\t\t\t\t\t\n\t\t\t\t\t});\n\t\t\t\t<\/script>\n\t\t\t\t<script>\n\t\t\t\t\tvar htmlDivCss = unescape(\"%23rev_slider_1_1_wrapper%20.uranus.tparrows%20%7B%0A%20%20width%3A50px%3B%0A%20%20height%3A50px%3B%0A%20%20background%3Argba%28255%2C255%2C255%2C0%29%3B%0A%20%7D%0A%20%23rev_slider_1_1_wrapper%20.uranus.tparrows%3Abefore%20%7B%0A%20width%3A50px%3B%0A%20height%3A50px%3B%0A%20line-height%3A50px%3B%0A%20font-size%3A40px%3B%0A%20transition%3Aall%200.3s%3B%0A-webkit-transition%3Aall%200.3s%3B%0A%20%7D%0A%20%0A%20%20%23rev_slider_1_1_wrapper%20.uranus.tparrows%3Ahover%3Abefore%20%7B%0A%20%20%20%20opacity%3A0.75%3B%0A%20%20%7D%0A\");\n\t\t\t\t\tvar htmlDiv = document.getElementById('rs-plugin-settings-inline-css');\n\t\t\t\t\tif(htmlDiv) {\n\t\t\t\t\t\thtmlDiv.innerHTML = htmlDiv.innerHTML + htmlDivCss;\n\t\t\t\t\t}else{\n\t\t\t\t\t\tvar htmlDiv = document.createElement('div');\n\t\t\t\t\t\thtmlDiv.innerHTML = '<style>' + htmlDivCss + '<\/style>';\n\t\t\t\t\t\tdocument.getElementsByTagName('head')[0].appendChild(htmlDiv.childNodes[0]);\n\t\t\t\t\t}\n\t\t\t\t<\/script>\n\t\t\t\t<script>\n\t\t\t\t\tvar htmlDivCss = unescape(\"%0A%0A%0A%0A\");\n\t\t\t\t\tvar htmlDiv = document.getElementById('rs-plugin-settings-inline-css');\n\t\t\t\t\tif(htmlDiv) {\n\t\t\t\t\t\thtmlDiv.innerHTML = htmlDiv.innerHTML + htmlDivCss;\n\t\t\t\t\t}else{\n\t\t\t\t\t\tvar htmlDiv = document.createElement('div');\n\t\t\t\t\t\thtmlDiv.innerHTML = '<style>' + htmlDivCss + '<\/style>';\n\t\t\t\t\t\tdocument.getElementsByTagName('head')[0].appendChild(htmlDiv.childNodes[0]);\n\t\t\t\t\t}\n\t\t\t\t<\/script>\n\t\t\t<\/rs-module-wrap>\n\t\t\t<!-- END REVOLUTION SLIDER -->\n[\/vc_column][\/vc_row][vc_row full_width=\u00bbstretch_row\u00bb css=\u00bb.vc_custom_1490259198294{margin-top: 90px !important;margin-bottom: 30px !important;}\u00bb el_class=\u00bbno-margin\u00bb][vc_column][vc_custom_heading text=\u00bbMateriales y Azulejos Petri\u00bb make_uppercase=\u00bbyes\u00bb font_container=\u00bbtag:h1|font_size:2.25rem|text_align:center|color:%23ea7e2c|line_height:1.15em\u00bb use_theme_fonts=\u00bbyes\u00bb][vc_column_text]<\/p>\n<p style=\"text-align: justify;\">Materiales y Azulejos Petri, S.L., situada en la zona centro de Madrid, se dedica a la <strong>venta de materiales de construcci\u00f3n, azulejos y pavimentos<\/strong>.<\/p>\n<p style=\"text-align: justify;\">Pone a disposici\u00f3n de sus clientes, exposici\u00f3n de azulejo y pavimentos as\u00ed, como un amplio stock de materiales de construcci\u00f3n de primera calidad y primeras marcas.<\/p>\n<p style=\"text-align: justify;\">En los m\u00e1s de 25 a\u00f1os de actividad profesional siempre nos hemos caracterizado por nuestra seriedad, responsabilidad y honestidad hacia nuestros clientes. La puntualidad de entrega es nuestra prioridad, dando el mejor servicio posible dentro de este sector.<\/p>\n<p>[\/vc_column_text][vc_column_text]<\/p>\n<h4 style=\"text-align: center;\">NOS ENCONTRAMOS EN<\/h4>\n<p>[\/vc_column_text][vc_row_inner][vc_column_inner width=\u00bb1\/2&#8243;][vc_column_text]<\/p>\n<h5 style=\"text-align: center;\">C\/ San Mario, n\u00famero 4 y 8, cerca del hospital 12 de Octubre.<\/h5>\n<p>[\/vc_column_text][vc_text_separator title=\u00bbBuses 23 &#8211; 78 &#8211; 123 &#8211; N12&#8243; i_icon_fontawesome=\u00bbfa fa-chevron-right\u00bb i_color=\u00bbwhite\u00bb i_background_style=\u00bbboxed\u00bb i_background_color=\u00bbcustom\u00bb i_size=\u00bbxs\u00bb title_align=\u00bbseparator_align_left\u00bb color=\u00bbblack\u00bb add_icon=\u00bbtrue\u00bb i_custom_background_color=\u00bb#333333&#8243;][vc_text_separator title=\u00bbLinea 3 de metro (12 de Octubre)\u00bb i_icon_fontawesome=\u00bbfa fa-chevron-right\u00bb i_color=\u00bbwhite\u00bb i_background_style=\u00bbboxed\u00bb i_background_color=\u00bbcustom\u00bb i_size=\u00bbxs\u00bb title_align=\u00bbseparator_align_left\u00bb color=\u00bbblack\u00bb add_icon=\u00bbtrue\u00bb i_custom_background_color=\u00bb#ffdb00&#8243;][\/vc_column_inner][\/vc_row_inner][vc_gmaps link=\u00bb#E-8_JTNDaWZyYW1lJTIwc3JjJTNEJTIyaHR0cHMlM0ElMkYlMkZ3d3cuZ29vZ2xlLmNvbSUyRm1hcHMlMkZlbWJlZCUzRnBiJTNEJTIxMW0xOCUyMTFtMTIlMjExbTMlMjExZDMwMzkuMzkzMDQ2MTMzMDc5JTIxMmQtMy42OTM1ODY0ODQzMTkyMjQ1JTIxM2Q0MC4zNzc5ODA2NjU5MTg2NCUyMTJtMyUyMTFmMCUyMTJmMCUyMTNmMCUyMTNtMiUyMTFpMTAyNCUyMTJpNzY4JTIxNGYxMy4xJTIxM20zJTIxMW0yJTIxMXMweGQ0MjI2MWEzMTBlZDAzZCUyNTNBMHhmZDVkNDg2NzY2MGYxZjc2JTIxMnNNYXRlcmlhbGVzJTJCeSUyQkF6dWxlam9zJTJCUGV0cmklMkJTLkwlMjE1ZTAlMjEzbTIlMjExc2VzJTIxMnNlcyUyMTR2MTUwMDUzNDUyMTcyNCUyMiUyMHdpZHRoJTNEJTIyNjAwJTIyJTIwaGVpZ2h0JTNEJTIyNDUwJTIyJTIwZnJhbWVib3JkZXIlM0QlMjIwJTIyJTIwc3R5bGUlM0QlMjJib3JkZXIlM0EwJTIyJTIwYWxsb3dmdWxsc2NyZWVuJTNFJTNDJTJGaWZyYW1lJTNF\u00bb size=\u00bb275px\u00bb][\/vc_column][\/vc_row][vc_row full_width=\u00bbstretch_row\u00bb parallax=\u00bbcontent-moving\u00bb el_class=\u00bbrow-fit\u00bb css=\u00bb.vc_custom_1490259267497{margin-bottom: 90px !important;}\u00bb][vc_column][tt_section_header title=\u00bbNUESTROS PRODUCTOS\u00bb font_container_title=\u00bbfont_size:1.8rem|text_align:center|color:%23ea7e2c\u00bb subtext=\u00bbMateriales y Azulejos Petri ,dispone de productos de gran calidad para su obra, ladrillos, tejas, azulejos, cementos, yesos, escayolas, sanitarios, mamparas&#8230;.etc.\u00bb font_container_desc=\u00bbtext_align:center\u00bb][\/vc_column][vc_column width=\u00bb1\/2&#8243;][tt_offer_item title=\u00bbAzulejos\u00bb link=\u00bburl:https%3A%2F%2Fmaterialespetri.es%2Fazulejos-almacenes-madrid%2Findex.php%2Fproductos%2F|||\u00bb box_cover=\u00bb648&#8243;][\/vc_column][vc_column width=\u00bb1\/2&#8243;][vc_row_inner][vc_column_inner width=\u00bb1\/2&#8243; offset=\u00bbvc_col-xs-12&#8243;][tt_offer_item title=\u00bbLadrillos\u00bb link=\u00bburl:https%3A%2F%2Fmaterialespetri.es%2Fazulejos-almacenes-madrid%2Findex.php%2Fproductos%2F|||\u00bb box_cover=\u00bb641&#8243;][\/vc_column_inner][vc_column_inner width=\u00bb1\/2&#8243; offset=\u00bbvc_col-xs-12&#8243;][tt_offer_item title=\u00bbArena y Aridos\u00bb link=\u00bburl:https%3A%2F%2Fmaterialespetri.es%2Fazulejos-almacenes-madrid%2Findex.php%2Fproductos%2F|||\u00bb box_cover=\u00bb635&#8243;][\/vc_column_inner][vc_column_inner][tt_offer_item half_image=\u00bbyes\u00bb title=\u00bbVigas y Prefabricados\u00bb link=\u00bburl:https%3A%2F%2Fmaterialespetri.es%2Fazulejos-almacenes-madrid%2Findex.php%2Fproductos%2F|||\u00bb box_cover=\u00bb639&#8243;][\/vc_column_inner][\/vc_row_inner][\/vc_column][vc_column width=\u00bb1\/2&#8243;][tt_offer_item half_image=\u00bbyes\u00bb title=\u00bbPlacas de yeso\u00bb link=\u00bburl:https%3A%2F%2Fmaterialespetri.es%2Fazulejos-almacenes-madrid%2Findex.php%2Fproductos%2F|||\u00bb box_cover=\u00bb644&#8243;][\/vc_column][vc_column width=\u00bb1\/2&#8243;][tt_offer_item half_image=\u00bbyes\u00bb title=\u00bbMuebles de ba\u00f1o y Mamparas\u00bb link=\u00bburl:https%3A%2F%2Fmaterialespetri.es%2Fazulejos-almacenes-madrid%2Findex.php%2Fproductos%2F|||\u00bb box_cover=\u00bb646&#8243;][\/vc_column][\/vc_row][vc_row full_width=\u00bbstretch_row\u00bb el_class=\u00bbno-margin\u00bb][vc_column][tt_section_header title=\u00bb\u00daLTIMAS OFERTAS Y NOTICIAS\u00bb font_container_title=\u00bbfont_size:1.8rem|text_align:center|color:%23ea7e2c\u00bb subtext=\u00bb\u00bb font_container_desc=\u00bbtext_align:center\u00bb][\/vc_column][\/vc_row][vc_row el_class=\u00bbno-margin\u00bb][vc_column][vc_empty_space height=\u00bb40px\u00bb][tt_blog_list nr_posts=\u00bb3&#8243;][vc_empty_space height=\u00bb75px\u00bb][\/vc_column][\/vc_row]<\/p>\n","protected":false},"excerpt":{"rendered":"<p>[vc_row full_width=\u00bbstretch_row\u00bb css=\u00bb.vc_custom_1490259212378{margin-top: -95px !important;}\u00bb el_class=\u00bbno-margin\u00bb][vc_column][\/vc_column][\/vc_row][vc_row full_width=\u00bbstretch_row\u00bb css=\u00bb.vc_custom_1490259198294{margin-top: 90px !important;margin-bottom: 30px !important;}\u00bb el_class=\u00bbno-margin\u00bb][vc_column][vc_custom_heading text=\u00bbMateriales y Azulejos Petri\u00bb make_uppercase=\u00bbyes\u00bb font_container=\u00bbtag:h1|font_size:2.25rem|text_align:center|color:%23ea7e2c|line_height:1.15em\u00bb use_theme_fonts=\u00bbyes\u00bb][vc_column_text] Materiales y Azulejos Petri, S.L., situada en la zona centro de Madrid, se dedica a la venta de materiales de construcci\u00f3n, azulejos y pavimentos. Pone a disposici\u00f3n de sus clientes, exposici\u00f3n de azulejo y pavimentos [&hellip;]<\/p>\n","protected":false},"author":1,"featured_media":0,"parent":0,"menu_order":0,"comment_status":"closed","ping_status":"closed","template":"","meta":{"footnotes":""},"class_list":["post-389","page","type-page","status-publish","hentry"],"_links":{"self":[{"href":"https:\/\/materialespetri.es\/azulejos-almacenes-madrid\/wp-json\/wp\/v2\/pages\/389","targetHints":{"allow":["GET"]}}],"collection":[{"href":"https:\/\/materialespetri.es\/azulejos-almacenes-madrid\/wp-json\/wp\/v2\/pages"}],"about":[{"href":"https:\/\/materialespetri.es\/azulejos-almacenes-madrid\/wp-json\/wp\/v2\/types\/page"}],"author":[{"embeddable":true,"href":"https:\/\/materialespetri.es\/azulejos-almacenes-madrid\/wp-json\/wp\/v2\/users\/1"}],"replies":[{"embeddable":true,"href":"https:\/\/materialespetri.es\/azulejos-almacenes-madrid\/wp-json\/wp\/v2\/comments?post=389"}],"version-history":[{"count":82,"href":"https:\/\/materialespetri.es\/azulejos-almacenes-madrid\/wp-json\/wp\/v2\/pages\/389\/revisions"}],"predecessor-version":[{"id":831,"href":"https:\/\/materialespetri.es\/azulejos-almacenes-madrid\/wp-json\/wp\/v2\/pages\/389\/revisions\/831"}],"wp:attachment":[{"href":"https:\/\/materialespetri.es\/azulejos-almacenes-madrid\/wp-json\/wp\/v2\/media?parent=389"}],"curies":[{"name":"wp","href":"https:\/\/api.w.org\/{rel}","templated":true}]}}